{"id":5124,"date":"2018-07-20T08:34:33","date_gmt":"2018-07-20T12:34:33","guid":{"rendered":"https:\/\/parlimages.com\/portfolio\/"},"modified":"2025-12-18T13:03:39","modified_gmt":"2025-12-18T18:03:39","slug":"portfolio","status":"publish","type":"page","link":"https:\/\/louisperronphoto.com\/en\/portfolio\/","title":{"rendered":"Portfolio"},"content":{"rendered":"<div data-elementor-type=\"wp-post\" data-elementor-id=\"5124\" class=\"elementor elementor-5124\" data-elementor-post-type=\"page\">\n\t\t\t\t\t\t<section class=\"jarallax lazyload elementor-section elementor-top-section elementor-element elementor-element-1d72cef elementor-section-full_width elementor-section-height-default elementor-section-height-default\" data-jarallax=\"\" data-speed=\"0.75\" data-type=\"scroll\" data-parallax=\"scroll\" style=\"background-image:url(&quot;https:\/\/louisperronphoto.com\/wp-content\/uploads\/2023\/10\/Les-flamants-scaled.jpg&quot;);\" data-image-src=\"https:\/\/louisperronphoto.com\/wp-content\/uploads\/2023\/10\/Les-flamants-scaled.jpg\" data-id=\"1d72cef\" data-element_type=\"section\" data-e-type=\"section\" data-settings=\"{&quot;background_background&quot;:&quot;classic&quot;}\">\n\t\t\t\t\t\t\t<div class=\"elementor-background-overlay\"><\/div>\n\t\t\t\t\t\t\t<div class=\"elementor-container elementor-column-gap-default\">\n\t\t\t\t\t<div class=\"elementor-column elementor-col-100 elementor-top-column elementor-element elementor-element-f52cc1e\" data-id=\"f52cc1e\" data-element_type=\"column\" data-e-type=\"column\">\n\t\t\t<div class=\"elementor-widget-wrap elementor-element-populated\">\n\t\t\t\t\t\t<div class=\"elementor-element elementor-element-6134244 section-align-center section-size-large subtitle-style-sidelines elementor-widget elementor-widget-section-heading\" data-id=\"6134244\" data-element_type=\"widget\" data-e-type=\"widget\" data-widget_type=\"section-heading.default\">\n\t\t\t\t<div class=\"elementor-widget-container\">\n\t\t\t\t\t<div class=\"section-heading headingstyle-title\"><div class=\"section-title-wrapper\"><h1 class=\"entry-title section-title\">Portfolio<\/h1><\/div><h5 class=\"entry-sub-title section-sub-title\">The World in Images and words<\/h5><div class=\"section-description clearfix\"><div class=\"section-description-inner\"><p>When I peer through my camera's viewfinder, I forget everything. I reframe and shape the world in my own way. I feel immense joy when I manage to capture the deep essence of that small detail that forms, <i>the beauty<\/i>  <\/p>\n<\/div><\/div><\/div>\t\t\t\t<\/div>\n\t\t\t\t<\/div>\n\t\t\t\t\t<\/div>\n\t\t<\/div>\n\t\t\t\t\t<\/div>\n\t\t<\/section>\n\t\t\t\t<section class=\"elementor-section elementor-top-section elementor-element elementor-element-4cbe6d63 elementor-section-boxed elementor-section-height-default elementor-section-height-default\" data-id=\"4cbe6d63\" data-element_type=\"section\" data-e-type=\"section\">\n\t\t\t\t\t\t<div class=\"elementor-container elementor-column-gap-no\">\n\t\t\t\t\t<div class=\"elementor-column elementor-col-100 elementor-top-column elementor-element elementor-element-2aecdbb2\" data-id=\"2aecdbb2\" data-element_type=\"column\" data-e-type=\"column\">\n\t\t\t<div class=\"elementor-widget-wrap elementor-element-populated\">\n\t\t\t\t\t\t<div class=\"elementor-element elementor-element-11fc284d section-align-center elementor-widget elementor-widget-portfolio-grid\" data-id=\"11fc284d\" data-element_type=\"widget\" data-e-type=\"widget\" data-widget_type=\"portfolio-grid.default\">\n\t\t\t\t<div class=\"elementor-widget-container\">\n\t\t\t\t\t<div class=\"portfolio-grid-container lightgallery-container portfolio-gridblock-columns-wrap\"><div id=\"gridblock-container\" class=\"portfolio-gutter-spaced    has-effect-zoom grid-style-classic gridblock-three clearfix\" data-columns=\"3\"><div class=\"gridblock-element grid-animate-display-all isotope-displayed gridblock-element-id-309 gridblock-element-order-1  gridblock-filterable filter-24\" data-portfolio=\"portfolio-309\" data-id=\"id-2\"><div class=\"gridblock-grid-element gridblock-element-inner\" data-portfolioid=\"309\"><div class=\"gridblock-background-hover\"><a  class=\"gridblock-sole-link\" href=\"https:\/\/louisperronphoto.com\/en\/portfolios\/les-mines-de-potosi\/\"><div class=\"gridblock-links-wrap box-title-\"><span class=\"column-gridblock-icon\"><span class=\"hover-icon-effect\"><i class=\"ion-ios-plus-empty\"><\/i><\/span><\/span><\/div><\/a><\/div><img decoding=\"async\" src=\"https:\/\/louisperronphoto.com\/wp-content\/themes\/blacksilver-3\/images\/placeholders\/placeholder-770x770.gif\" data-src=\"https:\/\/louisperronphoto.com\/wp-content\/uploads\/2023\/10\/mineurs-de-Potosi-770x770.jpg\" alt=\"\" class=\"displayed-image lazyload\"\/><\/div><div class=\"work-details\"><h4><a  href=\"https:\/\/louisperronphoto.com\/en\/portfolios\/les-mines-de-potosi\/\">Potosi Mines<\/a><\/h4><p class=\"entry-content work-description\">Throughout my extensive reading while planning my trip to Bolivia, I was first fascinated, then completely captivated, by Potosi and its rich history. My focus quickly turned to this city with its legendary mines.<\/p><\/div><\/div><div class=\"gridblock-element grid-animate-display-all isotope-displayed gridblock-element-id-5320 gridblock-element-order-2  gridblock-filterable filter-24\" data-portfolio=\"portfolio-5320\" data-id=\"id-3\"><div class=\"gridblock-grid-element gridblock-element-inner\" data-portfolioid=\"5320\"><div class=\"gridblock-background-hover\"><a  class=\"gridblock-sole-link\" href=\"https:\/\/louisperronphoto.com\/en\/portfolios\/grandeur-nature\/\"><div class=\"gridblock-links-wrap box-title-\"><span class=\"column-gridblock-icon\"><span class=\"hover-icon-effect\"><i class=\"ion-ios-plus-empty\"><\/i><\/span><\/span><\/div><\/a><\/div><img decoding=\"async\" src=\"https:\/\/louisperronphoto.com\/wp-content\/themes\/blacksilver-3\/images\/placeholders\/placeholder-770x770.gif\" data-src=\"https:\/\/louisperronphoto.com\/wp-content\/uploads\/2025\/02\/Tempete-770x770.jpg\" alt=\"\" class=\"displayed-image lazyload\"\/><\/div><div class=\"work-details\"><h4><a  href=\"https:\/\/louisperronphoto.com\/en\/portfolios\/grandeur-nature\/\">Grandeur nature<\/a><\/h4><p class=\"entry-content work-description translation-block\">I press the shutter, imagining that instant when the image, traveling at three hundred thousand meters per second, crashes onto the receptive surface. Everything happens in that brief lapse of time as the film is bombarded with ions and photons, particles of energy. The impact is violent. A kind of big bang. A micro-temporality where blue, red, and yellow merge. Time stands still. Yet, a fraction of a second earlier, darkness reigned. Blackness was simply waiting to meet the light. From this collision emerged an image worth a thousand words.<\/p><\/div><\/div><div class=\"gridblock-element grid-animate-display-all isotope-displayed gridblock-element-id-5816 gridblock-element-order-3  gridblock-filterable filter-24\" data-portfolio=\"portfolio-5816\" data-id=\"id-4\"><div class=\"gridblock-grid-element gridblock-element-inner\" data-portfolioid=\"5816\"><div class=\"gridblock-background-hover\"><a  class=\"gridblock-sole-link\" href=\"https:\/\/louisperronphoto.com\/en\/portfolios\/spiritualite\/\"><div class=\"gridblock-links-wrap box-title-\"><span class=\"column-gridblock-icon\"><span class=\"hover-icon-effect\"><i class=\"ion-ios-plus-empty\"><\/i><\/span><\/span><\/div><\/a><\/div><img decoding=\"async\" src=\"https:\/\/louisperronphoto.com\/wp-content\/themes\/blacksilver-3\/images\/placeholders\/placeholder-770x770.gif\" data-src=\"https:\/\/louisperronphoto.com\/wp-content\/uploads\/2025\/12\/Connexion-770x770.jpg\" alt=\"\" class=\"displayed-image lazyload\"\/><\/div><div class=\"work-details\"><h4><a  href=\"https:\/\/louisperronphoto.com\/en\/portfolios\/spiritualite\/\">Spirituality<\/a><\/h4><p class=\"entry-content work-description\"> Facing the entrance, a man of indeterminate age, draped in an orange cloth, wears a thick beard. Yellowish-gray, frizzy like steel wool, it covers the entire lower part of his face and gives him an air that is both authoritative and inviting. Intrigued by our visit, he bows slightly and invites us to follow him. The man in the tunic exchanges a few words\u2014probably customary greetings and instructions\u2014with Sanjay, then leaves us free to wander.<\/p><\/div><\/div><div class=\"gridblock-element grid-animate-display-all isotope-displayed gridblock-element-id-153 gridblock-element-order-4  gridblock-filterable filter-24\" data-portfolio=\"portfolio-153\" data-id=\"id-5\"><div class=\"gridblock-grid-element gridblock-element-inner\" data-portfolioid=\"153\"><div class=\"gridblock-background-hover\"><a  class=\"gridblock-sole-link\" href=\"https:\/\/louisperronphoto.com\/en\/portfolios\/les-marches\/\"><div class=\"gridblock-links-wrap box-title-\"><span class=\"column-gridblock-icon\"><span class=\"hover-icon-effect\"><i class=\"ion-ios-plus-empty\"><\/i><\/span><\/span><\/div><\/a><\/div><img decoding=\"async\" src=\"https:\/\/louisperronphoto.com\/wp-content\/themes\/blacksilver-3\/images\/placeholders\/placeholder-770x770.gif\" data-src=\"https:\/\/louisperronphoto.com\/wp-content\/uploads\/2024\/08\/Marche_des_fleurs-770x770.jpg\" alt=\"\" class=\"displayed-image lazyload\"\/><\/div><div class=\"work-details\"><h4><a  href=\"https:\/\/louisperronphoto.com\/en\/portfolios\/les-marches\/\">Markets<\/a><\/h4><p class=\"entry-content work-description\">The Mullick Ghat Flower Market, at the foot of the famous Howrah Bridge in Kolkata, is a vibrant and chaotic spectacle where garlands of bright flowers cover almost every inch of the ground. The yellow and orange hues of marigolds and marigold roses, destined for religious offerings and temples, dominate the landscape. Under the stifling heat, vendors bustle around bags overflowing with petals and pre-made garlands, while customers haggle animatedly.<\/p><\/div><\/div><\/div><\/div>\t\t\t\t<\/div>\n\t\t\t\t<\/div>\n\t\t\t\t\t<\/div>\n\t\t<\/div>\n\t\t\t\t\t<\/div>\n\t\t<\/section>\n\t\t\t\t<\/div>","protected":false},"excerpt":{"rendered":"<p>Portfolio Le monde en images et en mots Lorsque je plonge mon regard dans le viseur de ma cam\u00e9ra, j\u2019oublie tout. Je recadre et fa\u00e7onne le monde \u00e0 ma mani\u00e8re. J\u2019\u00e9prouve une immense joie quand je r\u00e9ussis \u00e0 saisir l\u2019essence profonde de ce petit rien qui compose, le beau. Les Mines de Potosi Au fil de mes nombreuses lectures afin de planifier mon voyage en Bolivie, j\u2019ai d\u2019abord \u00e9t\u00e9 fascin\u00e9, puis litt\u00e9ralement conquis, par Potosi et sa riche histoire. Mon [&hellip;]<\/p>\n","protected":false},"author":1,"featured_media":0,"parent":0,"menu_order":0,"comment_status":"closed","ping_status":"closed","template":"","meta":{"_coblocks_attr":"","_coblocks_dimensions":"","_coblocks_responsive_height":"","_coblocks_accordion_ie_support":"","footnotes":""},"class_list":["post-5124","page","type-page","status-publish","hentry"],"aioseo_notices":[],"_links":{"self":[{"href":"https:\/\/louisperronphoto.com\/en\/wp-json\/wp\/v2\/pages\/5124","targetHints":{"allow":["GET"]}}],"collection":[{"href":"https:\/\/louisperronphoto.com\/en\/wp-json\/wp\/v2\/pages"}],"about":[{"href":"https:\/\/louisperronphoto.com\/en\/wp-json\/wp\/v2\/types\/page"}],"author":[{"embeddable":true,"href":"https:\/\/louisperronphoto.com\/en\/wp-json\/wp\/v2\/users\/1"}],"replies":[{"embeddable":true,"href":"https:\/\/louisperronphoto.com\/en\/wp-json\/wp\/v2\/comments?post=5124"}],"version-history":[{"count":4,"href":"https:\/\/louisperronphoto.com\/en\/wp-json\/wp\/v2\/pages\/5124\/revisions"}],"predecessor-version":[{"id":5864,"href":"https:\/\/louisperronphoto.com\/en\/wp-json\/wp\/v2\/pages\/5124\/revisions\/5864"}],"wp:attachment":[{"href":"https:\/\/louisperronphoto.com\/en\/wp-json\/wp\/v2\/media?parent=5124"}],"curies":[{"name":"wp","href":"https:\/\/api.w.org\/{rel}","templated":true}]}}