{"id":4863,"date":"2024-08-14T13:58:37","date_gmt":"2024-08-14T17:58:37","guid":{"rendered":"https:\/\/parlimages.com\/?page_id=4863"},"modified":"2025-10-21T13:55:53","modified_gmt":"2025-10-21T17:55:53","slug":"politique-confidentialite","status":"publish","type":"page","link":"https:\/\/louisperronphoto.com\/en\/politique-confidentialite\/","title":{"rendered":"Privacy Policy"},"content":{"rendered":"<p class=\"translation-block\">At <em>Louis Perron Photographer<\/em>, we respect the privacy of our visitors. We do not collect any personal data through this site. No information, such as names, email addresses, or contact details, is stored or shared.<\/p>\n\n\n\n<p>Furthermore, this site does not use any cookies. No tracking or analytics technology is implemented to collect information about your browsing.<\/p>\n\n\n\n<p>If you have any questions or concerns regarding this policy, please feel free to contact us at <a href=\"mailto:info@louisperronphoto.com\" title=\"\">info@louisperronphoto.com<\/a><\/p>","protected":false},"excerpt":{"rendered":"<p>Chez Louis Perron Photographe, nous respectons la vie priv\u00e9e de nos visiteurs. Nous ne recueillons aucune donn\u00e9e personnelle via ce site. Aucune information, telle que les noms, adresses e-mail ou coordonn\u00e9es, n&rsquo;est stock\u00e9e ou partag\u00e9e. De plus, ce site n&rsquo;utilise aucun t\u00e9moin de navigation (cookies). Aucune technologie de suivi ou d&rsquo;analyse n&rsquo;est mise en place pour collecter des informations sur votre navigation. Si vous avez des questions ou des pr\u00e9occupations concernant cette politique, n&rsquo;h\u00e9sitez pas \u00e0 nous contacter \u00e0 l&rsquo;adresse [&hellip;]<\/p>\n","protected":false},"author":3,"featured_media":0,"parent":0,"menu_order":0,"comment_status":"closed","ping_status":"closed","template":"","meta":{"_coblocks_attr":"","_coblocks_dimensions":"","_coblocks_responsive_height":"","_coblocks_accordion_ie_support":"","footnotes":""},"class_list":["post-4863","page","type-page","status-publish","hentry"],"aioseo_notices":[],"_links":{"self":[{"href":"https:\/\/louisperronphoto.com\/en\/wp-json\/wp\/v2\/pages\/4863","targetHints":{"allow":["GET"]}}],"collection":[{"href":"https:\/\/louisperronphoto.com\/en\/wp-json\/wp\/v2\/pages"}],"about":[{"href":"https:\/\/louisperronphoto.com\/en\/wp-json\/wp\/v2\/types\/page"}],"author":[{"embeddable":true,"href":"https:\/\/louisperronphoto.com\/en\/wp-json\/wp\/v2\/users\/3"}],"replies":[{"embeddable":true,"href":"https:\/\/louisperronphoto.com\/en\/wp-json\/wp\/v2\/comments?post=4863"}],"version-history":[{"count":4,"href":"https:\/\/louisperronphoto.com\/en\/wp-json\/wp\/v2\/pages\/4863\/revisions"}],"predecessor-version":[{"id":5638,"href":"https:\/\/louisperronphoto.com\/en\/wp-json\/wp\/v2\/pages\/4863\/revisions\/5638"}],"wp:attachment":[{"href":"https:\/\/louisperronphoto.com\/en\/wp-json\/wp\/v2\/media?parent=4863"}],"curies":[{"name":"wp","href":"https:\/\/api.w.org\/{rel}","templated":true}]}}