{"id":3489,"date":"2023-10-15T20:32:32","date_gmt":"2023-10-15T20:32:32","guid":{"rendered":"https:\/\/parlimages.com\/?page_id=3489"},"modified":"2024-11-13T19:16:29","modified_gmt":"2024-11-14T00:16:29","slug":"louis-perron-photographe","status":"publish","type":"page","link":"https:\/\/louisperronphoto.com\/en\/louis-perron-photographe\/","title":{"rendered":"L&rsquo;artiste"},"content":{"rendered":"<div data-elementor-type=\"wp-page\" data-elementor-id=\"3489\" class=\"elementor elementor-3489\" data-elementor-post-type=\"page\">\n\t\t\t\t\t\t<section class=\"elementor-section elementor-top-section elementor-element elementor-element-202c462 elementor-section-boxed elementor-section-height-default elementor-section-height-default\" data-id=\"202c462\" data-element_type=\"section\" data-e-type=\"section\" data-settings=\"{&quot;background_background&quot;:&quot;classic&quot;}\">\n\t\t\t\t\t\t\t<div class=\"elementor-background-overlay\"><\/div>\n\t\t\t\t\t\t\t<div class=\"elementor-container elementor-column-gap-default\">\n\t\t\t\t\t<div class=\"elementor-column elementor-col-100 elementor-top-column elementor-element elementor-element-6b82570\" data-id=\"6b82570\" data-element_type=\"column\" data-e-type=\"column\">\n\t\t\t<div class=\"elementor-widget-wrap elementor-element-populated\">\n\t\t\t\t\t\t<div class=\"elementor-element elementor-element-5f0391f section-align-center section-size-large subtitle-style-default elementor-widget elementor-widget-section-heading\" data-id=\"5f0391f\" data-element_type=\"widget\" data-e-type=\"widget\" data-widget_type=\"section-heading.default\">\n\t\t\t\t<div class=\"elementor-widget-container\">\n\t\t\t\t\t<div class=\"section-heading headingstyle-default\"><div class=\"section-title-wrapper\"><h2 class=\"entry-title section-title\">Louis Perron<\/h2><\/div><h5 class=\"entry-sub-title section-sub-title\">Photographer<\/h5><div class=\"section-description clearfix\"><div class=\"section-description-inner\"><p>My passion for photography emerged early in my life and opened up a multitude of opportunities. Besides allowing me to earn a living, it has given me the chance to travel. The farthest corners of the world call to me; differences connect me to the world of the Other.<\/p>\n<\/div><\/div><\/div>\t\t\t\t<\/div>\n\t\t\t\t<\/div>\n\t\t\t\t\t<\/div>\n\t\t<\/div>\n\t\t\t\t\t<\/div>\n\t\t<\/section>\n\t\t\t\t<section class=\"elementor-section elementor-top-section elementor-element elementor-element-2589f6b elementor-section-full_width elementor-section-height-default elementor-section-height-default\" data-id=\"2589f6b\" data-element_type=\"section\" data-e-type=\"section\" data-settings=\"{&quot;background_background&quot;:&quot;classic&quot;}\">\n\t\t\t\t\t\t<div class=\"elementor-container elementor-column-gap-no\">\n\t\t\t\t\t<div class=\"elementor-column elementor-col-50 elementor-top-column elementor-element elementor-element-226306e\" data-id=\"226306e\" data-element_type=\"column\" data-e-type=\"column\" data-settings=\"{&quot;background_background&quot;:&quot;classic&quot;}\">\n\t\t\t<div class=\"elementor-widget-wrap elementor-element-populated\">\n\t\t\t\t\t\t<div class=\"elementor-element elementor-element-e9878ee elementor-widget elementor-widget-spacer\" data-id=\"e9878ee\" data-element_type=\"widget\" data-e-type=\"widget\" data-widget_type=\"spacer.default\">\n\t\t\t\t<div class=\"elementor-widget-container\">\n\t\t\t\t\t\t\t<div class=\"elementor-spacer\">\n\t\t\t<div class=\"elementor-spacer-inner\"><\/div>\n\t\t<\/div>\n\t\t\t\t\t\t<\/div>\n\t\t\t\t<\/div>\n\t\t\t\t\t<\/div>\n\t\t<\/div>\n\t\t\t\t<div class=\"elementor-column elementor-col-50 elementor-top-column elementor-element elementor-element-179b48f\" data-id=\"179b48f\" data-element_type=\"column\" data-e-type=\"column\" data-settings=\"{&quot;background_background&quot;:&quot;classic&quot;}\">\n\t\t\t<div class=\"elementor-widget-wrap elementor-element-populated\">\n\t\t\t\t\t\t<div class=\"elementor-element elementor-element-30c6408 section-align-center animated-slow section-size-default subtitle-style-default elementor-invisible elementor-widget elementor-widget-section-heading\" data-id=\"30c6408\" data-element_type=\"widget\" data-e-type=\"widget\" data-settings=\"{&quot;_animation&quot;:&quot;fadeIn&quot;}\" data-widget_type=\"section-heading.default\">\n\t\t\t\t<div class=\"elementor-widget-container\">\n\t\t\t\t\t<div class=\"section-heading headingstyle-default\"><div class=\"section-title-wrapper\"><h1 class=\"entry-title section-title\"><\/h1><\/div><h5 class=\"entry-sub-title section-sub-title\">The adventure<\/h5><div class=\"section-description clearfix\"><div class=\"section-description-inner\"><p><strong>I'm willing to take great risks to capture my photos. I stop at nothing to succeed.<\/strong><\/p>\n<\/div><\/div><\/div>\t\t\t\t<\/div>\n\t\t\t\t<\/div>\n\t\t\t\t\t<\/div>\n\t\t<\/div>\n\t\t\t\t\t<\/div>\n\t\t<\/section>\n\t\t\t\t<section class=\"elementor-section elementor-top-section elementor-element elementor-element-136097c8 elementor-section-full_width elementor-section-height-default elementor-section-height-default\" data-id=\"136097c8\" data-element_type=\"section\" data-e-type=\"section\" data-settings=\"{&quot;background_background&quot;:&quot;classic&quot;}\">\n\t\t\t\t\t\t<div class=\"elementor-container elementor-column-gap-no\">\n\t\t\t\t\t<div class=\"elementor-column elementor-col-50 elementor-top-column elementor-element elementor-element-6f098a85\" data-id=\"6f098a85\" data-element_type=\"column\" data-e-type=\"column\" data-settings=\"{&quot;background_background&quot;:&quot;classic&quot;}\">\n\t\t\t<div class=\"elementor-widget-wrap elementor-element-populated\">\n\t\t\t\t\t\t<div class=\"elementor-element elementor-element-e8391a5 section-align-center animated-slow subtitle-style-sidelines section-size-default elementor-invisible elementor-widget elementor-widget-section-heading\" data-id=\"e8391a5\" data-element_type=\"widget\" data-e-type=\"widget\" data-settings=\"{&quot;_animation&quot;:&quot;fadeIn&quot;}\" data-widget_type=\"section-heading.default\">\n\t\t\t\t<div class=\"elementor-widget-container\">\n\t\t\t\t\t<div class=\"section-heading headingstyle-default\"><div class=\"section-title-wrapper\"><h1 class=\"entry-title section-title\"><\/h1><\/div><h5 class=\"entry-sub-title section-sub-title\">The passion<\/h5><div class=\"section-description clearfix\"><div class=\"section-description-inner\"><p><strong>I can spend hours hunting for an image. I start with a vague idea, without any specific goals. Stepping softly, I move forward, guided by my instinct and chance.<\/strong><\/p><\/p>\n<\/div><\/div><\/div>\t\t\t\t<\/div>\n\t\t\t\t<\/div>\n\t\t\t\t\t<\/div>\n\t\t<\/div>\n\t\t\t\t<div class=\"elementor-column elementor-col-50 elementor-top-column elementor-element elementor-element-e9d85ad\" data-id=\"e9d85ad\" data-element_type=\"column\" data-e-type=\"column\" data-settings=\"{&quot;background_background&quot;:&quot;classic&quot;}\">\n\t\t\t<div class=\"elementor-widget-wrap elementor-element-populated\">\n\t\t\t\t\t\t<div class=\"elementor-element elementor-element-3f342b1a elementor-widget elementor-widget-spacer\" data-id=\"3f342b1a\" data-element_type=\"widget\" data-e-type=\"widget\" data-widget_type=\"spacer.default\">\n\t\t\t\t<div class=\"elementor-widget-container\">\n\t\t\t\t\t\t\t<div class=\"elementor-spacer\">\n\t\t\t<div class=\"elementor-spacer-inner\"><\/div>\n\t\t<\/div>\n\t\t\t\t\t\t<\/div>\n\t\t\t\t<\/div>\n\t\t\t\t\t<\/div>\n\t\t<\/div>\n\t\t\t\t\t<\/div>\n\t\t<\/section>\n\t\t\t\t<section class=\"elementor-section elementor-top-section elementor-element elementor-element-5859475e elementor-section-boxed elementor-section-height-default elementor-section-height-default\" data-id=\"5859475e\" data-element_type=\"section\" data-e-type=\"section\">\n\t\t\t\t\t\t<div class=\"elementor-container elementor-column-gap-no\">\n\t\t\t\t\t<div class=\"elementor-column elementor-col-100 elementor-top-column elementor-element elementor-element-9e5a23\" data-id=\"9e5a23\" data-element_type=\"column\" data-e-type=\"column\">\n\t\t\t<div class=\"elementor-widget-wrap elementor-element-populated\">\n\t\t\t\t\t\t<div class=\"elementor-element elementor-element-306ffa7d elementor-invisible elementor-widget elementor-widget-text-editor\" data-id=\"306ffa7d\" data-element_type=\"widget\" data-e-type=\"widget\" data-settings=\"{&quot;_animation&quot;:&quot;fadeIn&quot;,&quot;_animation_delay&quot;:300}\" data-widget_type=\"text-editor.default\">\n\t\t\t\t<div class=\"elementor-widget-container\">\n\t\t\t\t\t\t\t\t\t<h4 style=\"text-align: center;\"><strong>My professional Journey<\/strong><\/h4><p><b>The beginnings<\/b><\/p><p><span style=\"font-size: 16px; letter-spacing: 0px;\">For a decade, I built a strong foundation in my craft by working in some of the most renowned photography studios in Montreal. With this experience, I decided to settle in the beautiful city of Quebec, where I co-founded the photography studio \u0152il pour \u0152il. Surrounded by a talented team, the studio quickly made its mark, earning a solid reputation in the field.<\/span><\/p><p><b>A commitment to innovation<\/b><\/p><p>De la photographie industrielle et alimentaire au portrait d&rsquo;affaires et \u00e0 la cr\u00e9ation d&rsquo;ambiances pour l&rsquo;industrie du meuble, mon studio a \u00e9volu\u00e9 et n&rsquo;a cess\u00e9 de grandir. L&rsquo;innovation a toujours \u00e9t\u00e9 au c\u0153ur de ma d\u00e9marche, guidant chacune de mes initiatives.<\/p><p><b>The major milestones of my career<\/b><\/p><p>1996: Studio \u0152il pour \u0152il becomes the first studio in Quebec to acquire a digital camera, paving the way for new technologies in photography.<br \/>2009 : \u0152il pour \u0152il devient Kub Studio, int\u00e9grant progressivement des technologies 3D dans son offre de services.<\/p><p>2018 : apr\u00e8s 25 ans de passion et de d\u00e9vouement \u00e0 capturer le monde \u00e0 travers mon objectif, je prends une retraite bien m\u00e9rit\u00e9. Ce tournant marque non seulement la fin d\u2019un chapitre riche en souvenirs, mais aussi l\u2019aube d\u2019une nouvelle aventure \u00e0 d\u00e9couvrir : l\u2019\u00e9criture.<\/p><p><b>\u00a0Adventure photography: a passion<\/b><\/p><p>Alongside my professional career, a new passion awakened within me: adventure photography, soon to become a true calling. Far beyond commercial photography, my expeditions have granted me the privilege of immersing myself in unique cultures and capturing the authentic beauty of distant places and ancient civilizations in the moment.<\/p><p>Each journey rekindles my wonder at the diversity of our world and the richness of the cultures that shape its character.<\/p>\t\t\t\t\t\t\t\t<\/div>\n\t\t\t\t<\/div>\n\t\t\t\t\t<\/div>\n\t\t<\/div>\n\t\t\t\t\t<\/div>\n\t\t<\/section>\n\t\t\t\t<\/div>","protected":false},"excerpt":{"rendered":"<p>Louis Perron Photographe Ma passion pour la photographie est apparue t\u00f4t dans ma vie et elle m\u2019a ouvert une multitude d\u2019opportunit\u00e9s. Outre le fait de gagner ma vie, elle m\u2019a permis de voyager. Les antipodes m\u2019interpellent\u2009; les diff\u00e9rences me connectent au monde de l\u2019Autre. L&rsquo;aventure J\u2019accepte de courir de grands risques pour r\u00e9aliser mes photos. Je ne recule devant rien pour r\u00e9ussir. Le m\u00e9tier Je peux passer des heures \u00e0 traquer une image. Je pars avec une id\u00e9e vague, sans [&hellip;]<\/p>\n","protected":false},"author":1,"featured_media":0,"parent":0,"menu_order":0,"comment_status":"closed","ping_status":"closed","template":"","meta":{"_coblocks_attr":"","_coblocks_dimensions":"","_coblocks_responsive_height":"","_coblocks_accordion_ie_support":"","footnotes":""},"class_list":["post-3489","page","type-page","status-publish","hentry"],"aioseo_notices":[],"_links":{"self":[{"href":"https:\/\/louisperronphoto.com\/en\/wp-json\/wp\/v2\/pages\/3489","targetHints":{"allow":["GET"]}}],"collection":[{"href":"https:\/\/louisperronphoto.com\/en\/wp-json\/wp\/v2\/pages"}],"about":[{"href":"https:\/\/louisperronphoto.com\/en\/wp-json\/wp\/v2\/types\/page"}],"author":[{"embeddable":true,"href":"https:\/\/louisperronphoto.com\/en\/wp-json\/wp\/v2\/users\/1"}],"replies":[{"embeddable":true,"href":"https:\/\/louisperronphoto.com\/en\/wp-json\/wp\/v2\/comments?post=3489"}],"version-history":[{"count":290,"href":"https:\/\/louisperronphoto.com\/en\/wp-json\/wp\/v2\/pages\/3489\/revisions"}],"predecessor-version":[{"id":5300,"href":"https:\/\/louisperronphoto.com\/en\/wp-json\/wp\/v2\/pages\/3489\/revisions\/5300"}],"wp:attachment":[{"href":"https:\/\/louisperronphoto.com\/en\/wp-json\/wp\/v2\/media?parent=3489"}],"curies":[{"name":"wp","href":"https:\/\/api.w.org\/{rel}","templated":true}]}}