{"id":34,"date":"2018-07-15T03:35:25","date_gmt":"2018-07-15T03:35:25","guid":{"rendered":"http:\/\/192.168.1.3\/wp\/kordex\/?page_id=34"},"modified":"2025-12-02T10:51:08","modified_gmt":"2025-12-02T15:51:08","slug":"accueil","status":"publish","type":"page","link":"https:\/\/louisperronphoto.com\/en\/","title":{"rendered":"Home"},"content":{"rendered":"<div data-elementor-type=\"wp-post\" data-elementor-id=\"34\" class=\"elementor elementor-34\" data-elementor-post-type=\"page\">\n\t\t\t\t\t\t<section class=\"jarallax lazyload elementor-section elementor-top-section elementor-element elementor-element-fe7d07 elementor-section-height-full elementor-section-stretched elementor-section-boxed elementor-section-height-default elementor-section-items-middle elementor-invisible\" data-jarallax=\"\" data-speed=\"0.75\" data-type=\"scroll\" data-parallax=\"scroll\" style=\"background-image:url(&quot;https:\/\/louisperronphoto.com\/wp-content\/uploads\/2019\/06\/Dans-la-chaleur-du-jour.jpg&quot;);\" data-image-src=\"https:\/\/louisperronphoto.com\/wp-content\/uploads\/2019\/06\/Dans-la-chaleur-du-jour.jpg\" data-id=\"fe7d07\" data-element_type=\"section\" data-e-type=\"section\" data-settings=\"{&quot;background_background&quot;:&quot;classic&quot;,&quot;animation&quot;:&quot;fadeIn&quot;,&quot;stretch_section&quot;:&quot;section-stretched&quot;}\">\n\t\t\t\t\t\t\t<div class=\"elementor-background-overlay\"><\/div>\n\t\t\t\t\t\t\t<div class=\"elementor-container elementor-column-gap-default\">\n\t\t\t\t\t<div class=\"elementor-column elementor-col-100 elementor-top-column elementor-element elementor-element-14e5211b\" data-id=\"14e5211b\" data-element_type=\"column\" data-e-type=\"column\">\n\t\t\t<div class=\"elementor-widget-wrap elementor-element-populated\">\n\t\t\t\t\t\t<div class=\"elementor-element elementor-element-7079ba23 section-align-center section-size-large subtitle-style-sidelines elementor-widget elementor-widget-section-heading\" data-id=\"7079ba23\" data-element_type=\"widget\" data-e-type=\"widget\" data-widget_type=\"section-heading.default\">\n\t\t\t\t<div class=\"elementor-widget-container\">\n\t\t\t\t\t<div class=\"section-heading headingstyle-title\"><div class=\"section-title-wrapper\"><h2 class=\"entry-title section-title\">Louis Perron<\/h2><\/div><h5 class=\"entry-sub-title section-sub-title\">\nAdventure photographer\n\n\n\n\n<\/h5><div class=\"section-button\"><a  rel=\"nofollow\" href=\"https:\/\/louisperronphoto.com\/en\/portfolio\/\"><div class=\"mtheme-button\">Portfolio<\/div><\/a><\/div><\/div>\t\t\t\t<\/div>\n\t\t\t\t<\/div>\n\t\t\t\t\t<\/div>\n\t\t<\/div>\n\t\t\t\t\t<\/div>\n\t\t<\/section>\n\t\t\t\t<section class=\"elementor-section elementor-top-section elementor-element elementor-element-9739b19 elementor-section-boxed elementor-section-height-default elementor-section-height-default\" data-id=\"9739b19\" data-element_type=\"section\" data-e-type=\"section\">\n\t\t\t\t\t\t<div class=\"elementor-container elementor-column-gap-default\">\n\t\t\t\t\t<div class=\"elementor-column elementor-col-100 elementor-top-column elementor-element elementor-element-e2916e5\" data-id=\"e2916e5\" data-element_type=\"column\" data-e-type=\"column\">\n\t\t\t<div class=\"elementor-widget-wrap elementor-element-populated\">\n\t\t\t\t\t\t<div class=\"elementor-element elementor-element-28b5af8 section-align-center section-size-large subtitle-style-default elementor-widget elementor-widget-section-heading\" data-id=\"28b5af8\" data-element_type=\"widget\" data-e-type=\"widget\" data-widget_type=\"section-heading.default\">\n\t\t\t\t<div class=\"elementor-widget-container\">\n\t\t\t\t\t<div class=\"section-heading headingstyle-subtitle\"><h5 class=\"entry-sub-title section-sub-title\">Let's explore<\/h5><div class=\"section-title-wrapper\"><h2 class=\"entry-title section-title\">My life journey<\/h2><\/div><div class=\"section-description clearfix\"><div class=\"section-description-inner\"><p>My passion for photography emerged early in my life and opened up a multitude of opportunities. Besides allowing me to earn a living, it has given me the chance to travel. The farthest corners of the world call to me; differences connect me to the world of the Other.<\/p>\n<\/div><\/div><div class=\"section-button\"><a  href=\"https:\/\/louisperronphoto.com\/en\/louis-perron-photographe\/\"><div class=\"mtheme-button\">Read More<\/div><\/a><\/div><\/div>\t\t\t\t<\/div>\n\t\t\t\t<\/div>\n\t\t\t\t\t<\/div>\n\t\t<\/div>\n\t\t\t\t\t<\/div>\n\t\t<\/section>\n\t\t\t\t<section class=\"elementor-section elementor-top-section elementor-element elementor-element-2741f25a elementor-section-full_width elementor-section-height-default elementor-section-height-default\" data-id=\"2741f25a\" data-element_type=\"section\" data-e-type=\"section\">\n\t\t\t\t\t\t<div class=\"elementor-container elementor-column-gap-no\">\n\t\t\t\t\t<div class=\"elementor-column elementor-col-100 elementor-top-column elementor-element elementor-element-11956c18\" data-id=\"11956c18\" data-element_type=\"column\" data-e-type=\"column\">\n\t\t\t<div class=\"elementor-widget-wrap elementor-element-populated\">\n\t\t\t\t\t\t<div class=\"elementor-element elementor-element-2b730a09 carousel-arrow-shape-circle carousel-dots-no elementor-widget elementor-widget-slideshow-carousel\" data-id=\"2b730a09\" data-element_type=\"widget\" data-e-type=\"widget\" data-widget_type=\"slideshow-carousel.default\">\n\t\t\t\t<div class=\"elementor-widget-container\">\n\t\t\t\t\t<div class=\"gridblock-owlcarousel-wrap clearfix\"><div id=\"34-69e37d7d06d75\" class=\"owl-carousel owl-slideshow-element owl-carousel-detect lightgallery-container owl-carousel-type-flatcarousel\" data-autoplaytimeout=\"5000\" data-smartspeed=\"1000\" data-id=\"34-69e37d7d06d75\" data-autoplay=\"true\" data-lazyload=\"false\" data-type=\"flatcarousel\"><div class=\"gridblock-slideshow-element\"><a data-elementor-open-lightbox=\"no\" data-exthumbimage=\"https:\/\/louisperronphoto.com\/wp-content\/uploads\/2023\/09\/Au-terminus-160x160.jpg\" class=\"lightbox-active lightbox-image\" data-sub-html=\"&lt;div class=&quot;lightbox-text-wrap &quot;&gt;&lt;h4 class=&quot;lightbox-text lightbox-text-title&quot;&gt;Au terminus&lt;\/h4&gt;&lt;\/div&gt;\" href=\"https:\/\/louisperronphoto.com\/wp-content\/uploads\/2023\/09\/Au-terminus.jpg\" data-src=\"https:\/\/louisperronphoto.com\/wp-content\/uploads\/2023\/09\/Au-terminus.jpg\"><img decoding=\"async\" src=\"https:\/\/louisperronphoto.com\/wp-content\/uploads\/2023\/09\/Au-terminus.jpg\" alt=\"\" class=\"owl-slide-image\"\/><\/a><div class=\"slideshow-owl-title\">Au terminus<\/div><\/div><div class=\"gridblock-slideshow-element\"><a data-elementor-open-lightbox=\"no\" data-exthumbimage=\"https:\/\/louisperronphoto.com\/wp-content\/uploads\/2019\/03\/Femmes_indiennes-160x160.jpg\" class=\"lightbox-active lightbox-image\" data-sub-html=\"&lt;div class=&quot;lightbox-text-wrap &quot;&gt;&lt;h4 class=&quot;lightbox-text lightbox-text-title&quot;&gt;Femmes_indiennes&lt;\/h4&gt;&lt;\/div&gt;\" href=\"https:\/\/louisperronphoto.com\/wp-content\/uploads\/2019\/03\/Femmes_indiennes.jpg\" data-src=\"https:\/\/louisperronphoto.com\/wp-content\/uploads\/2019\/03\/Femmes_indiennes.jpg\"><img decoding=\"async\" src=\"https:\/\/louisperronphoto.com\/wp-content\/uploads\/2019\/03\/Femmes_indiennes.jpg\" alt=\"\" class=\"owl-slide-image\"\/><\/a><div class=\"slideshow-owl-title\">Femmes_indiennes<\/div><\/div><div class=\"gridblock-slideshow-element\"><a data-elementor-open-lightbox=\"no\" data-exthumbimage=\"https:\/\/louisperronphoto.com\/wp-content\/uploads\/2023\/09\/Travailleur-160x160.jpg\" class=\"lightbox-active lightbox-image\" data-sub-html=\"&lt;div class=&quot;lightbox-text-wrap &quot;&gt;&lt;h4 class=&quot;lightbox-text lightbox-text-title&quot;&gt;Travailleur&lt;\/h4&gt;&lt;\/div&gt;\" href=\"https:\/\/louisperronphoto.com\/wp-content\/uploads\/2023\/09\/Travailleur.jpg\" data-src=\"https:\/\/louisperronphoto.com\/wp-content\/uploads\/2023\/09\/Travailleur.jpg\"><img decoding=\"async\" src=\"https:\/\/louisperronphoto.com\/wp-content\/uploads\/2023\/09\/Travailleur.jpg\" alt=\"\" class=\"owl-slide-image\"\/><\/a><div class=\"slideshow-owl-title\">Travailleur<\/div><\/div><div class=\"gridblock-slideshow-element\"><a data-elementor-open-lightbox=\"no\" data-exthumbimage=\"https:\/\/louisperronphoto.com\/wp-content\/uploads\/2023\/09\/la-vie-est-belle-160x160.jpg\" class=\"lightbox-active lightbox-image\" data-sub-html=\"&lt;div class=&quot;lightbox-text-wrap &quot;&gt;&lt;h4 class=&quot;lightbox-text lightbox-text-title&quot;&gt;la vie est belle&lt;\/h4&gt;&lt;\/div&gt;\" href=\"https:\/\/louisperronphoto.com\/wp-content\/uploads\/2023\/09\/la-vie-est-belle.jpg\" data-src=\"https:\/\/louisperronphoto.com\/wp-content\/uploads\/2023\/09\/la-vie-est-belle.jpg\"><img decoding=\"async\" src=\"https:\/\/louisperronphoto.com\/wp-content\/uploads\/2023\/09\/la-vie-est-belle.jpg\" alt=\"\" class=\"owl-slide-image\"\/><\/a><div class=\"slideshow-owl-title\">la vie est belle<\/div><\/div><\/div><\/div>\t\t\t\t<\/div>\n\t\t\t\t<\/div>\n\t\t\t\t\t<\/div>\n\t\t<\/div>\n\t\t\t\t\t<\/div>\n\t\t<\/section>\n\t\t\t\t<section class=\"elementor-section elementor-top-section elementor-element elementor-element-78778a0f elementor-section-boxed elementor-section-height-default elementor-section-height-default\" data-id=\"78778a0f\" data-element_type=\"section\" data-e-type=\"section\" data-settings=\"{&quot;background_background&quot;:&quot;classic&quot;}\">\n\t\t\t\t\t\t<div class=\"elementor-container elementor-column-gap-default\">\n\t\t\t\t\t<div class=\"elementor-column elementor-col-100 elementor-top-column elementor-element elementor-element-15e8f69d\" data-id=\"15e8f69d\" data-element_type=\"column\" data-e-type=\"column\">\n\t\t\t<div class=\"elementor-widget-wrap elementor-element-populated\">\n\t\t\t\t\t\t<div class=\"elementor-element elementor-element-1e335e4 testimonial-image-shape-circle elementor-widget elementor-widget-testimonials\" data-id=\"1e335e4\" data-element_type=\"widget\" data-e-type=\"widget\" data-widget_type=\"testimonials.default\">\n\t\t\t\t<div class=\"elementor-widget-container\">\n\t\t\t\t\t\n<div class=\"testimonials-wrap\">\n\t<div id=\"testimony-testimonial-id-875\" data-type=\"testimony\" data-autoplay=\"true\" data-autoplaytimeout=\"6000\" data-id=\"testimony-testimonial-id-875\" class=\"owl-carousel-detect owl-carousel\">\n<div><div class=\"client-details\"><img decoding=\"async\" class=\"client-image\" src=\"https:\/\/louisperronphoto.com\/wp-content\/uploads\/2023\/09\/Les-Herons-770x762.jpg\" alt=\"testimonial-image\" \/><\/div><div class=\"testimonial-say\"><div class=\"client-say\"><p>Ne dis pas forc\u00e9ment les choses comme elles se sont pass\u00e9es, mais transforme-les en l\u00e9gendes. \u00bb<\/p>\n<\/div><\/div><div class=\"client-info\"><span class=\"client-name\">Romain Gary<\/span><span class=\"client-company\"><a  href=\"https:\/\/louisperronphoto.com\/en\/portfolio-items\/\"><\/a><\/span><\/div><\/div><div><div class=\"client-details\"><img decoding=\"async\" class=\"client-image\" src=\"https:\/\/louisperronphoto.com\/wp-content\/uploads\/2023\/09\/Les-Herons-770x762.jpg\" alt=\"testimonial-image\" \/><\/div><div class=\"testimonial-say\"><div class=\"client-say\"><p>Les photos, elles, me fascinent, elles sont tellement le temps \u00e0 l\u2019\u00e9tat pur.<\/p>\n<\/div><\/div><div class=\"client-info\"><span class=\"client-name\">Annie Ernaux<\/span><span class=\"client-company\"><a  href=\"https:\/\/louisperronphoto.com\/en\/portfolio-items\/\"><\/a><\/span><\/div><\/div>\n\t<\/div>\n<\/div>\t\t\t\t<\/div>\n\t\t\t\t<\/div>\n\t\t\t\t\t<\/div>\n\t\t<\/div>\n\t\t\t\t\t<\/div>\n\t\t<\/section>\n\t\t\t\t<section class=\"elementor-section elementor-top-section elementor-element elementor-element-4c05beb6 elementor-section-boxed elementor-section-height-default elementor-section-height-default\" data-id=\"4c05beb6\" data-element_type=\"section\" data-e-type=\"section\" data-settings=\"{&quot;background_background&quot;:&quot;classic&quot;}\">\n\t\t\t\t\t\t\t<div class=\"elementor-background-overlay\"><\/div>\n\t\t\t\t\t\t\t<div class=\"elementor-container elementor-column-gap-default\">\n\t\t\t\t\t<div class=\"elementor-column elementor-col-100 elementor-top-column elementor-element elementor-element-3d27311b\" data-id=\"3d27311b\" data-element_type=\"column\" data-e-type=\"column\">\n\t\t\t<div class=\"elementor-widget-wrap elementor-element-populated\">\n\t\t\t\t\t\t<div class=\"elementor-element elementor-element-28d36052 section-align-center section-size-large subtitle-style-default elementor-widget elementor-widget-section-heading\" data-id=\"28d36052\" data-element_type=\"widget\" data-e-type=\"widget\" data-widget_type=\"section-heading.default\">\n\t\t\t\t<div class=\"elementor-widget-container\">\n\t\t\t\t\t<div class=\"section-heading headingstyle-default\"><div class=\"section-title-wrapper\"><h2 class=\"entry-title section-title\">Upcoming project<\/h2><\/div><h5 class=\"entry-sub-title section-sub-title\">Voyage en Inde et Bangladesh<\/h5><div class=\"section-description clearfix\"><div class=\"section-description-inner\"><p>f\u00e9vrier 2026<\/p>\n<\/div><\/div><div class=\"section-button\"><a  href=\"https:\/\/louisperronphoto.com\/en\/?post_type=portfolio&#038;p=5499&#038;preview=true\"><div class=\"mtheme-button\">Voir<\/div><\/a><\/div><\/div>\t\t\t\t<\/div>\n\t\t\t\t<\/div>\n\t\t\t\t\t<\/div>\n\t\t<\/div>\n\t\t\t\t\t<\/div>\n\t\t<\/section>\n\t\t\t\t<\/div>","protected":false},"excerpt":{"rendered":"<p>Louis Perron Photographe explorateur Portfolio Explorons Mon parcours Ma passion pour la photographie est apparue t\u00f4t dans ma vie et elle m\u2019a ouvert une multitude d\u2019opportunit\u00e9s. Outre le fait de gagner ma vie, elle m\u2019a permis de voyager. Les antipodes m\u2019interpellent\u2009; les diff\u00e9rences me connectent au monde de l\u2019Autre. Lire la suite Au terminusFemmes_indiennesTravailleurla vie est belle Ne dis pas forc\u00e9ment les choses comme elles se sont pass\u00e9es, mais transforme-les en l\u00e9gendes. \u00bb Romain Gary Les photos, elles, me fascinent, [&hellip;]<\/p>\n","protected":false},"author":1,"featured_media":0,"parent":0,"menu_order":0,"comment_status":"closed","ping_status":"closed","template":"","meta":{"_coblocks_attr":"","_coblocks_dimensions":"","_coblocks_responsive_height":"","_coblocks_accordion_ie_support":"","footnotes":""},"class_list":["post-34","page","type-page","status-publish","hentry"],"aioseo_notices":[],"_links":{"self":[{"href":"https:\/\/louisperronphoto.com\/en\/wp-json\/wp\/v2\/pages\/34","targetHints":{"allow":["GET"]}}],"collection":[{"href":"https:\/\/louisperronphoto.com\/en\/wp-json\/wp\/v2\/pages"}],"about":[{"href":"https:\/\/louisperronphoto.com\/en\/wp-json\/wp\/v2\/types\/page"}],"author":[{"embeddable":true,"href":"https:\/\/louisperronphoto.com\/en\/wp-json\/wp\/v2\/users\/1"}],"replies":[{"embeddable":true,"href":"https:\/\/louisperronphoto.com\/en\/wp-json\/wp\/v2\/comments?post=34"}],"version-history":[{"count":491,"href":"https:\/\/louisperronphoto.com\/en\/wp-json\/wp\/v2\/pages\/34\/revisions"}],"predecessor-version":[{"id":5812,"href":"https:\/\/louisperronphoto.com\/en\/wp-json\/wp\/v2\/pages\/34\/revisions\/5812"}],"wp:attachment":[{"href":"https:\/\/louisperronphoto.com\/en\/wp-json\/wp\/v2\/media?parent=34"}],"curies":[{"name":"wp","href":"https:\/\/api.w.org\/{rel}","templated":true}]}}